{"id":178,"date":"2018-11-26T13:32:14","date_gmt":"2018-11-26T13:32:14","guid":{"rendered":"https:\/\/condominio.astro.up.pt\/?page_id=178"},"modified":"2020-11-18T15:10:40","modified_gmt":"2020-11-18T15:10:40","slug":"o-que-e","status":"publish","type":"page","link":"https:\/\/condominio.astro.up.pt\/?page_id=178","title":{"rendered":"O que \u00e9?"},"content":{"rendered":"<p>O CoAstro surgiu no \u00e2mbito de uma investiga\u00e7\u00e3o realizada na\u00a0<a href=\"https:\/\/sigarra.up.pt\/fcup\/pt\/uni_geral.unidade_view?pv_unidade=127\">Unidade de Ensino das Ci\u00eancias da Faculdade de Ci\u00eancias da Universidade do Porto<\/a>\u00a0e no\u00a0<a href=\"http:\/\/www.iastro.pt\/\">Instituto de Astrof\u00edsica e Ci\u00eancias do Espa\u00e7o<\/a>\u00a0\u2013\u00a0<a href=\"http:\/\/www.astro.up.pt\/\">Centro de Astronomia \/ Astrof\u00edsica da Universidade do Porto<\/a>.<br \/>\nA edi\u00e7\u00e3o inaugural decorreu no\u00a0<a href=\"http:\/\/planetario.up.pt\/pt\/\">Planet\u00e1rio do Porto \u2013 Centro Ci\u00eancia Viva<\/a>. O seu principal objetivo \u00e9, atrav\u00e9s do envolvimento de professores em investiga\u00e7\u00e3o cient\u00edfica, agilizar a disponibiliza\u00e7\u00e3o de resultados e processos cient\u00edficos, na \u00e1rea da astronomia, \u00e0s crian\u00e7as (e suas fam\u00edlias).<\/p>\n<p>Consulte um v\u00eddeo de apresenta\u00e7\u00e3o do projeto <a href=\"https:\/\/condominio.astro.up.pt\/?p=730\">AQUI<\/a>.<\/p>\n","protected":false},"excerpt":{"rendered":"<p>O CoAstro surgiu no \u00e2mbito de uma investiga\u00e7\u00e3o realizada na\u00a0Unidade de Ensino das Ci\u00eancias da Faculdade de Ci\u00eancias da Universidade do Porto\u00a0e no\u00a0Instituto de Astrof\u00edsica e Ci\u00eancias do Espa\u00e7o\u00a0\u2013\u00a0Centro de Astronomia \/ Astrof\u00edsica da Universidade do Porto. A edi\u00e7\u00e3o inaugural decorreu no\u00a0Planet\u00e1rio do Porto \u2013 Centro Ci\u00eancia Viva. O seu principal objetivo \u00e9, atrav\u00e9s do &hellip; <\/p>\n<p class=\"link-more\"><a href=\"https:\/\/condominio.astro.up.pt\/?page_id=178\" class=\"more-link\">Continuar a ler <span class=\"screen-reader-text\">&#8220;O que \u00e9?&#8221;<\/span><\/a><\/p>\n","protected":false},"author":1,"featured_media":0,"parent":81,"menu_order":3,"comment_status":"closed","ping_status":"closed","template":"","meta":{"_mi_skip_tracking":false,"_monsterinsights_sitenote_active":false,"_monsterinsights_sitenote_note":"","_monsterinsights_sitenote_category":0,"footnotes":""},"_links":{"self":[{"href":"https:\/\/condominio.astro.up.pt\/index.php?rest_route=\/wp\/v2\/pages\/178"}],"collection":[{"href":"https:\/\/condominio.astro.up.pt\/index.php?rest_route=\/wp\/v2\/pages"}],"about":[{"href":"https:\/\/condominio.astro.up.pt\/index.php?rest_route=\/wp\/v2\/types\/page"}],"author":[{"embeddable":true,"href":"https:\/\/condominio.astro.up.pt\/index.php?rest_route=\/wp\/v2\/users\/1"}],"replies":[{"embeddable":true,"href":"https:\/\/condominio.astro.up.pt\/index.php?rest_route=%2Fwp%2Fv2%2Fcomments&post=178"}],"version-history":[{"count":7,"href":"https:\/\/condominio.astro.up.pt\/index.php?rest_route=\/wp\/v2\/pages\/178\/revisions"}],"predecessor-version":[{"id":975,"href":"https:\/\/condominio.astro.up.pt\/index.php?rest_route=\/wp\/v2\/pages\/178\/revisions\/975"}],"up":[{"embeddable":true,"href":"https:\/\/condominio.astro.up.pt\/index.php?rest_route=\/wp\/v2\/pages\/81"}],"wp:attachment":[{"href":"https:\/\/condominio.astro.up.pt\/index.php?rest_route=%2Fwp%2Fv2%2Fmedia&parent=178"}],"curies":[{"name":"wp","href":"https:\/\/api.w.org\/{rel}","templated":true}]}}